{"id":1723,"date":"2024-01-22T16:03:14","date_gmt":"2024-01-22T15:03:14","guid":{"rendered":"https:\/\/sylvienoelcoaching.com\/?page_id=1723"},"modified":"2024-01-22T16:25:24","modified_gmt":"2024-01-22T15:25:24","slug":"actualites-2","status":"publish","type":"page","link":"https:\/\/sylvienoelcoaching.com\/index.php\/actualites-2\/","title":{"rendered":"D\u00e9couvrez comment le coaching peut vous aider dans votre quotidien"},"content":{"rendered":"\t\t<div data-elementor-type=\"wp-page\" data-elementor-id=\"1723\" class=\"elementor elementor-1723\">\n\t\t\t\t\t\t<section class=\"elementor-section elementor-top-section elementor-element elementor-element-15cb119f elementor-section-boxed elementor-section-height-default elementor-section-height-default\" data-id=\"15cb119f\" data-element_type=\"section\" data-e-type=\"section\">\n\t\t\t\t\t\t<div class=\"elementor-container elementor-column-gap-default\">\n\t\t\t\t\t<div class=\"elementor-column elementor-col-100 elementor-top-column elementor-element elementor-element-7e8d213d\" data-id=\"7e8d213d\" data-element_type=\"column\" data-e-type=\"column\">\n\t\t\t<div class=\"elementor-widget-wrap\">\n\t\t\t\t\t\t\t<\/div>\n\t\t<\/div>\n\t\t\t\t\t<\/div>\n\t\t<\/section>\n\t\t\t\t<section class=\"elementor-section elementor-top-section elementor-element elementor-element-b95bf07 elementor-section-boxed elementor-section-height-default elementor-section-height-default\" data-id=\"b95bf07\" data-element_type=\"section\" data-e-type=\"section\">\n\t\t\t\t\t\t<div class=\"elementor-container elementor-column-gap-default\">\n\t\t\t\t\t<div class=\"elementor-column elementor-col-100 elementor-top-column elementor-element elementor-element-ad498aa\" data-id=\"ad498aa\" data-element_type=\"column\" data-e-type=\"column\">\n\t\t\t<div class=\"elementor-widget-wrap elementor-element-populated\">\n\t\t\t\t\t\t<div class=\"elementor-element elementor-element-c06bcf1 elementor-position-top elementor-widget elementor-widget-image-box\" data-id=\"c06bcf1\" data-element_type=\"widget\" data-e-type=\"widget\" data-widget_type=\"image-box.default\">\n\t\t\t\t<div class=\"elementor-widget-container\">\n\t\t\t\t\t<div class=\"elementor-image-box-wrapper\"><figure class=\"elementor-image-box-img\"><img fetchpriority=\"high\" decoding=\"async\" width=\"1080\" height=\"1080\" src=\"https:\/\/sylvienoelcoaching.com\/wp-content\/uploads\/2023\/12\/Carte-de-visite.png\" class=\"attachment-full size-full wp-image-1707\" alt=\"\" srcset=\"https:\/\/sylvienoelcoaching.com\/wp-content\/uploads\/2023\/12\/Carte-de-visite.png 1080w, https:\/\/sylvienoelcoaching.com\/wp-content\/uploads\/2023\/12\/Carte-de-visite-300x300.png 300w, https:\/\/sylvienoelcoaching.com\/wp-content\/uploads\/2023\/12\/Carte-de-visite-1024x1024.png 1024w, https:\/\/sylvienoelcoaching.com\/wp-content\/uploads\/2023\/12\/Carte-de-visite-150x150.png 150w, https:\/\/sylvienoelcoaching.com\/wp-content\/uploads\/2023\/12\/Carte-de-visite-768x768.png 768w\" sizes=\"(max-width: 1080px) 100vw, 1080px\" \/><\/figure><\/div>\t\t\t\t<\/div>\n\t\t\t\t<\/div>\n\t\t\t\t\t<\/div>\n\t\t<\/div>\n\t\t\t\t\t<\/div>\n\t\t<\/section>\n\t\t\t\t<section class=\"elementor-section elementor-top-section elementor-element elementor-element-705ba91 elementor-section-boxed elementor-section-height-default elementor-section-height-default\" data-id=\"705ba91\" data-element_type=\"section\" data-e-type=\"section\">\n\t\t\t\t\t\t<div class=\"elementor-container elementor-column-gap-default\">\n\t\t\t\t\t<div class=\"elementor-column elementor-col-100 elementor-top-column elementor-element elementor-element-2825e70\" data-id=\"2825e70\" data-element_type=\"column\" data-e-type=\"column\">\n\t\t\t<div class=\"elementor-widget-wrap elementor-element-populated\">\n\t\t\t\t\t\t<div class=\"elementor-element elementor-element-84ae7b3 elementor-widget elementor-widget-text-editor\" data-id=\"84ae7b3\" data-element_type=\"widget\" data-e-type=\"widget\" data-widget_type=\"text-editor.default\">\n\t\t\t\t<div class=\"elementor-widget-container\">\n\t\t\t\t\t\t\t\t\t<p>Le coaching est un accompagnement dans les probl\u00e9matiques de la vie : <\/p>\n<p>\u00a0<\/p>\n<p>&#8211; d\u00e9passer une p\u00e9riode de crise ou des difficult\u00e9s ponctuelles<br \/>&#8211; r\u00e9-\u00e9quilibrer vos vies personnelles et professionnelles<br \/>&#8211; g\u00e9rer votre stress et retrouver l&rsquo;estime de soi et la confiance en soi<br \/>&#8211; Surmonter des probl\u00e8mes professionnels (ch\u00f4mage, harc\u00e8lement, prise de responsabilit\u00e9&#8230;)<br \/>&#8211; meilleure gestion de votre temps et \u00e9viter la procrastination<br \/>&#8211; renforcer vos relations et communiquer plus facilement<br \/>&#8211; vaincre le trac et la timidit\u00e9<br \/>&#8211; pr\u00e9paration \u00e0 des changements dans votre vie (personnelle et\/ou professionnelle)<br \/>&#8211; d\u00e9termination de vos objectifs et les atteindre<br \/>&#8211; vivre sereinement les transitions de vie (deuil, s\u00e9paration, divorce, licenciement, reconversion&#8230;)<br \/>&#8211; retrouver une s\u00e9r\u00e9nit\u00e9 dans votre vie personnelle (couple, enfants&#8230;)<\/p>\n<p>\u00a0<\/p>\n<p>Je souhaite en savoir plus sur le coaching.<\/p>\t\t\t\t\t\t\t\t<\/div>\n\t\t\t\t<\/div>\n\t\t\t\t\t<\/div>\n\t\t<\/div>\n\t\t\t\t\t<\/div>\n\t\t<\/section>\n\t\t\t\t<section class=\"elementor-section elementor-top-section elementor-element elementor-element-d6dbdd5 elementor-section-boxed elementor-section-height-default elementor-section-height-default\" data-id=\"d6dbdd5\" data-element_type=\"section\" data-e-type=\"section\">\n\t\t\t\t\t\t<div class=\"elementor-container elementor-column-gap-default\">\n\t\t\t\t\t<div class=\"elementor-column elementor-col-100 elementor-top-column elementor-element elementor-element-f381946\" data-id=\"f381946\" data-element_type=\"column\" data-e-type=\"column\">\n\t\t\t<div class=\"elementor-widget-wrap elementor-element-populated\">\n\t\t\t\t\t\t<div class=\"elementor-element elementor-element-1d1a6b6 elementor-align-center elementor-widget elementor-widget-button\" data-id=\"1d1a6b6\" data-element_type=\"widget\" data-e-type=\"widget\" data-widget_type=\"button.default\">\n\t\t\t\t<div class=\"elementor-widget-container\">\n\t\t\t\t\t\t\t\t\t<div class=\"elementor-button-wrapper\">\n\t\t\t\t\t<a class=\"elementor-button elementor-button-link elementor-size-sm\" href=\"index.php\/contact\/\" target=\"_blank\" id=\"https:\/\/calendly.com\/sylvienoelcoaching\/mon-rendez-vous-avec-sylvie\">\n\t\t\t\t\t\t<span class=\"elementor-button-content-wrapper\">\n\t\t\t\t\t\t\t\t\t<span class=\"elementor-button-text\">D\u00e9couvrir<\/span>\n\t\t\t\t\t<\/span>\n\t\t\t\t\t<\/a>\n\t\t\t\t<\/div>\n\t\t\t\t\t\t\t\t<\/div>\n\t\t\t\t<\/div>\n\t\t\t\t\t<\/div>\n\t\t<\/div>\n\t\t\t\t\t<\/div>\n\t\t<\/section>\n\t\t\t\t<section class=\"elementor-section elementor-top-section elementor-element elementor-element-f2bd06e elementor-section-boxed elementor-section-height-default elementor-section-height-default\" data-id=\"f2bd06e\" data-element_type=\"section\" data-e-type=\"section\">\n\t\t\t\t\t\t<div class=\"elementor-container elementor-column-gap-default\">\n\t\t\t\t\t<div class=\"elementor-column elementor-col-100 elementor-top-column elementor-element elementor-element-fce363c\" data-id=\"fce363c\" data-element_type=\"column\" data-e-type=\"column\">\n\t\t\t<div class=\"elementor-widget-wrap\">\n\t\t\t\t\t\t\t<\/div>\n\t\t<\/div>\n\t\t\t\t\t<\/div>\n\t\t<\/section>\n\t\t\t\t<section class=\"elementor-section elementor-top-section elementor-element elementor-element-6baf533 elementor-section-boxed elementor-section-height-default elementor-section-height-default\" data-id=\"6baf533\" data-element_type=\"section\" data-e-type=\"section\">\n\t\t\t\t\t\t<div class=\"elementor-container elementor-column-gap-default\">\n\t\t\t\t\t<div class=\"elementor-column elementor-col-100 elementor-top-column elementor-element elementor-element-fe9e647\" data-id=\"fe9e647\" data-element_type=\"column\" data-e-type=\"column\">\n\t\t\t<div class=\"elementor-widget-wrap\">\n\t\t\t\t\t\t\t<\/div>\n\t\t<\/div>\n\t\t\t\t\t<\/div>\n\t\t<\/section>\n\t\t\t\t<\/div>\n\t\t","protected":false},"excerpt":{"rendered":"<p>Le coaching est un accompagnement dans les probl\u00e9matiques de la vie : \u00a0 &#8211; d\u00e9passer une p\u00e9riode de crise ou des difficult\u00e9s ponctuelles&#8211; r\u00e9-\u00e9quilibrer vos vies personnelles et professionnelles&#8211; g\u00e9rer votre stress et retrouver l&rsquo;estime de soi et la confiance en soi&#8211; Surmonter des probl\u00e8mes professionnels (ch\u00f4mage, harc\u00e8lement, prise de responsabilit\u00e9&#8230;)&#8211; meilleure gestion de votre [&hellip;]<\/p>\n","protected":false},"author":1,"featured_media":0,"parent":0,"menu_order":0,"comment_status":"closed","ping_status":"closed","template":"","meta":{"om_disable_all_campaigns":false,"_monsterinsights_skip_tracking":false,"_monsterinsights_sitenote_active":false,"_monsterinsights_sitenote_note":"","_monsterinsights_sitenote_category":0,"site-sidebar-layout":"default","site-content-layout":"","ast-site-content-layout":"default","site-content-style":"default","site-sidebar-style":"default","ast-global-header-display":"","ast-banner-title-visibility":"","ast-main-header-display":"","ast-hfb-above-header-display":"","ast-hfb-below-header-display":"","ast-hfb-mobile-header-display":"","site-post-title":"","ast-breadcrumbs-content":"","ast-featured-img":"","footer-sml-layout":"","ast-disable-related-posts":"","theme-transparent-header-meta":"","adv-header-id-meta":"","stick-header-meta":"","header-above-stick-meta":"","header-main-stick-meta":"","header-below-stick-meta":"","astra-migrate-meta-layouts":"set","ast-page-background-enabled":"default","ast-page-background-meta":{"desktop":{"background-color":"","background-image":"","background-repeat":"repeat","background-position":"center center","background-size":"auto","background-attachment":"scroll","background-type":"","background-media":"","overlay-type":"","overlay-color":"","overlay-opacity":"","overlay-gradient":""},"tablet":{"background-color":"","background-image":"","background-repeat":"repeat","background-position":"center center","background-size":"auto","background-attachment":"scroll","background-type":"","background-media":"","overlay-type":"","overlay-color":"","overlay-opacity":"","overlay-gradient":""},"mobile":{"background-color":"","background-image":"","background-repeat":"repeat","background-position":"center center","background-size":"auto","background-attachment":"scroll","background-type":"","background-media":"","overlay-type":"","overlay-color":"","overlay-opacity":"","overlay-gradient":""}},"ast-content-background-meta":{"desktop":{"background-color":"var(--ast-global-color-5)","background-image":"","background-repeat":"repeat","background-position":"center center","background-size":"auto","background-attachment":"scroll","background-type":"","background-media":"","overlay-type":"","overlay-color":"","overlay-opacity":"","overlay-gradient":""},"tablet":{"background-color":"var(--ast-global-color-5)","background-image":"","background-repeat":"repeat","background-position":"center center","background-size":"auto","background-attachment":"scroll","background-type":"","background-media":"","overlay-type":"","overlay-color":"","overlay-opacity":"","overlay-gradient":""},"mobile":{"background-color":"var(--ast-global-color-5)","background-image":"","background-repeat":"repeat","background-position":"center center","background-size":"auto","background-attachment":"scroll","background-type":"","background-media":"","overlay-type":"","overlay-color":"","overlay-opacity":"","overlay-gradient":""}},"_price":"","_stock":"","_tribe_ticket_header":"","_tribe_default_ticket_provider":"","_tribe_ticket_capacity":"0","_ticket_start_date":"","_ticket_end_date":"","_tribe_ticket_show_description":"","_tribe_ticket_show_not_going":false,"_tribe_ticket_use_global_stock":"","_tribe_ticket_global_stock_level":"","_global_stock_mode":"","_global_stock_cap":"","_tribe_rsvp_for_event":"","_tribe_ticket_going_count":"","_tribe_ticket_not_going_count":"","_tribe_tickets_list":"[]","_tribe_ticket_has_attendee_info_fields":false,"footnotes":""},"class_list":["post-1723","page","type-page","status-publish","hentry"],"aioseo_notices":[],"ticketed":false,"_links":{"self":[{"href":"https:\/\/sylvienoelcoaching.com\/index.php\/wp-json\/wp\/v2\/pages\/1723","targetHints":{"allow":["GET"]}}],"collection":[{"href":"https:\/\/sylvienoelcoaching.com\/index.php\/wp-json\/wp\/v2\/pages"}],"about":[{"href":"https:\/\/sylvienoelcoaching.com\/index.php\/wp-json\/wp\/v2\/types\/page"}],"author":[{"embeddable":true,"href":"https:\/\/sylvienoelcoaching.com\/index.php\/wp-json\/wp\/v2\/users\/1"}],"replies":[{"embeddable":true,"href":"https:\/\/sylvienoelcoaching.com\/index.php\/wp-json\/wp\/v2\/comments?post=1723"}],"version-history":[{"count":17,"href":"https:\/\/sylvienoelcoaching.com\/index.php\/wp-json\/wp\/v2\/pages\/1723\/revisions"}],"predecessor-version":[{"id":1746,"href":"https:\/\/sylvienoelcoaching.com\/index.php\/wp-json\/wp\/v2\/pages\/1723\/revisions\/1746"}],"wp:attachment":[{"href":"https:\/\/sylvienoelcoaching.com\/index.php\/wp-json\/wp\/v2\/media?parent=1723"}],"curies":[{"name":"wp","href":"https:\/\/api.w.org\/{rel}","templated":true}]}}