{"id":1528,"date":"2022-09-14T23:49:02","date_gmt":"2022-09-14T21:49:02","guid":{"rendered":"https:\/\/sylvienoelcoaching.com\/?page_id=1528"},"modified":"2022-09-15T01:02:50","modified_gmt":"2022-09-14T23:02:50","slug":"conditions-generales","status":"publish","type":"page","link":"https:\/\/sylvienoelcoaching.com\/index.php\/conditions-generales\/","title":{"rendered":"Conditions g\u00e9n\u00e9rales"},"content":{"rendered":"<p style=\"text-align: center;\"><span style=\"text-decoration: underline;\"><strong>CONDITIONS G\u00c9N\u00c9RALES<\/strong><\/span><\/p>\n<p style=\"text-align: center;\">Les pr\u00e9sentes conditions g\u00e9n\u00e9rales r\u00e9gissent l\u2019utilisation de ce site <em>www.sylvienoelcoaching.com<\/em>.<br \/>\nCe site appartient et est g\u00e9r\u00e9 par Sylvie NO\u00cbL<br \/>\nEn utilisant ce site, vous indiquez que vous avez lu et compris les conditions d\u2019utilisation et que vous<br \/>\nacceptez de les respecter en tout temps.<\/p>\n<p style=\"text-align: left;\">Type de site : Service de coaching<\/p>\n<p><strong><span style=\"text-decoration: underline;\">Propri\u00e9t\u00e9 intellectuelle<\/span><\/strong><\/p>\n<p>Tout contenu publi\u00e9 et mis \u00e0 disposition sur ce site est la propri\u00e9t\u00e9 de Sylvie NO\u00cbL et de ses cr\u00e9ateurs.<br \/>\nCela comprend, mais n\u2019est pas limit\u00e9 aux images, textes, logos, documents, fichiers t\u00e9l\u00e9chargeables et<br \/>\ntout ce qui contribue \u00e0 la composition de ce site.<\/p>\n<p><strong><span style=\"text-decoration: underline;\">Utilisation acceptable<\/span><\/strong><\/p>\n<p>En tant qu\u2019utilisateur, vous acceptez d\u2019utiliser notre site l\u00e9galement et de ne pas utiliser ce site pour des<br \/>\nfins illicites, \u00e0 savoir :<\/p>\n<ul>\n<li>Violer les droits de propri\u00e9t\u00e9 intellectuelle des propri\u00e9taires du site ou de tout tiers au site<\/li>\n<li>Agir de toute fa\u00e7on qui pourrait \u00eatre consid\u00e9r\u00e9e comme frauduleuse<\/li>\n<li>Non respect des rendez-vous fix\u00e9s sans motif imp\u00e9rieux justifi\u00e9<\/li>\n<\/ul>\n<p>Si nous estimons que vous utilisez ce site ill\u00e9galement ou d\u2019une mani\u00e8re qui viole les conditions<br \/>\nd\u2019utilisation acceptable ci-dessus, nous nous r\u00e9servons le droit de limiter, suspendre ou r\u00e9silier votre<br \/>\nacc\u00e8s \u00e0 ce site. Nous nous r\u00e9servons \u00e9galement le droit de prendre toutes les mesures juridiques<br \/>\nn\u00e9cessaires pour vous emp\u00eacher d\u2019acc\u00e9der \u00e0 notre site.<\/p>\n<p><span style=\"text-decoration: underline;\"><strong>Ventes des biens et services<\/strong><\/span><\/p>\n<p>Ce document r\u00e9git la vente des services mis \u00e0 disposition sur notre site.<br \/>\nLes services que nous offrons comprennent :<\/p>\n<ul>\n<li>Coaching<\/li>\n<li>Accompagnement personnel<\/li>\n<\/ul>\n<p>Les services li\u00e9s \u00e0 ce document sont les services qui sont affich\u00e9s sur notre site au moment o\u00f9 vous y<br \/>\nacc\u00e9dez. Toutes les informations, descriptions ou images que nous fournissons sur nos services sont<br \/>\nd\u00e9crites et pr\u00e9sent\u00e9es avec la plus grande pr\u00e9cision possible. Cependant, nous ne sommes pas<br \/>\nl\u00e9galement \u00a0tenus par ces informations, descriptions ou images car nous ne pouvons pas garantir<br \/>\nl\u2019exactitude de chaque produit ou service que nous fournissons. Vous acceptez d\u2019acheter ces services \u00e0<br \/>\nvos propres risques.<\/p>\n<p><span style=\"text-decoration: underline;\"><strong>Paiements<\/strong><\/span><\/p>\n<p>Nous acceptons les modes de paiement suivants sur ce site :<\/p>\n<ul>\n<li>Carte bancaire<\/li>\n<li>PayPal<\/li>\n<\/ul>\n<p>Lorsque vous nous fournissez vos renseignements de paiement, vous nous confirmez que vous avez<br \/>\nautoris\u00e9 l\u2019utilisation et l\u2019acc\u00e8s \u00e0 l\u2019instrument de paiement que vous avez choisi d\u2019utiliser. En nous<br \/>\nfournissant vos d\u00e9tails de paiement, vous confirmez que vous nous autorisez \u00e0 facturer le montant d\u00fb \u00e0<br \/>\ncet instrument de paiement.<\/p>\n<p>Si nous estimons que votre paiement a viol\u00e9 une loi ou l\u2019une de nos conditions d\u2019utilisation, nous nous<br \/>\nr\u00e9servons le droit d\u2019annuler votre transaction.<\/p>\n<p><em>Services<\/em><\/p>\n<p>Les services seront factur\u00e9s en totalit\u00e9 \u00e0 la commande du service.<\/p>\n<p><em>Abonnements<\/em><\/p>\n<p>Votre abonnement ne se renouvelle pas automatiquement. Vous serez inform\u00e9 avant votre prochain<br \/>\npaiement afin de poursuivre votre abonnement.<\/p>\n<p><em>Essai gratuit<\/em><\/p>\n<p>Suivi entre s\u00e9ances par mail ou par t\u00e9l\u00e9phone<\/p>\n<p>Tout rendez-vous peut \u00eatre annul\u00e9 au plus tard 24h \u00e0 l&amp;#39;avance par mail \u00e0 l&amp;#39;adresse<br \/>\nsylvie.noel.coaching@gmail.com.<\/p>\n<p>Toute s\u00e9ance non annul\u00e9e dans les d\u00e9lais pourra faire l&amp;#39;objet d&amp;#39;une facturation.<br \/>\nLes s\u00e9ances de d\u00e9couverte (gratuites) non honor\u00e9es (sauf motif imp\u00e9rieux justifi\u00e9) verront la personne<br \/>\nirrespectueuse plac\u00e9e sur liste noire. Aucun accompagnement futur sera possible.<\/p>\n<p><span style=\"text-decoration: underline;\"><strong>Remboursement<\/strong><\/span><\/p>\n<p><em>Remboursement des biens<\/em><\/p>\n<p>Tous les biens vendus sur notre site sont non remboursables.<\/p>\n<p><span style=\"text-decoration: underline;\"><strong>Limitation de responsabilit\u00e9<\/strong><\/span><\/p>\n<p>Sylvie NO\u00cbL ou l\u2019un de ses employ\u00e9s sera tenu responsable de tout probl\u00e8me d\u00e9coulant de ce site.<br \/>\nN\u00e9anmoins, Sylvie NO\u00cbL et ses employ\u00e9s ne seront pas tenus responsables de tout probl\u00e8me d\u00e9coulant<br \/>\nde toute utilisation irr\u00e9guli\u00e8re de ce site.<\/p>\n<p><span style=\"text-decoration: underline;\"><strong>Indemnit\u00e9<\/strong><\/span><\/p>\n<p>En tant qu\u2019utilisateur, vous indemnisez par les pr\u00e9sentes Sylvie NO\u00cbL de toute responsabilit\u00e9, de tout<br \/>\nco\u00fbt, de toute cause d\u2019action, de tout dommage ou de toute d\u00e9pense d\u00e9coulant de votre utilisation de ce<br \/>\nsite ou de votre violation de l\u2019une des dispositions \u00e9nonc\u00e9es dans le pr\u00e9sent document.<\/p>\n<p><strong><span style=\"text-decoration: underline;\">Lois applicables<\/span><\/strong><\/p>\n<p>Ce document est soumis aux lois applicables en France et vise \u00e0 se conformer \u00e0 ses r\u00e8gles et<br \/>\nr\u00e8glements n\u00e9cessaires. Cela inclut la r\u00e9glementation \u00e0 l\u2019\u00e9chelle de l\u2019UE \u00e9nonc\u00e9e dans le RGPD.<\/p>\n<p><strong><span style=\"text-decoration: underline;\">Divisibilit\u00e9<\/span><\/strong><\/p>\n<p>Si, \u00e0 tout moment, l\u2019une des dispositions \u00e9nonc\u00e9es dans le pr\u00e9sent document est jug\u00e9e incompatible ou<br \/>\ninvalide en vertu des lois applicables, ces dispositions seront consid\u00e9r\u00e9es comme nulles et seront<br \/>\nretir\u00e9es du pr\u00e9sent document. Toutes les autres dispositions ne seront pas touch\u00e9es par les lois et le<br \/>\nreste du document sera toujours consid\u00e9r\u00e9 comme valide.<\/p>\n<p><strong><span style=\"text-decoration: underline;\">Modifications<\/span><\/strong><\/p>\n<p>Ces conditions g\u00e9n\u00e9rales peuvent \u00eatre modifi\u00e9es de temps \u00e0 autre afin de maintenir le respect de la loi<br \/>\net de refl\u00e9ter tout changement \u00e0 la fa\u00e7on dont nous g\u00e9rons notre site et la fa\u00e7on dont nous nous<br \/>\nattendons \u00e0 ce que les utilisateurs se comportent sur notre site. Nous recommandons \u00e0 nos utilisateurs<br \/>\nde v\u00e9rifier ces conditions g\u00e9n\u00e9rales de temps \u00e0 autre pour s\u2019assurer qu\u2019ils sont inform\u00e9s de toute mise \u00e0<br \/>\njour. Au besoin, nous informerons les utilisateurs par courriel des changements apport\u00e9s \u00e0 ces<br \/>\nconditions ou nous afficherons un avis sur notre site.<\/p>\n<p><strong><span style=\"text-decoration: underline;\">Contact<\/span><\/strong><\/p>\n<p>Veuillez communiquer avec nous si vous avez des questions ou des pr\u00e9occupations. Nos coordonn\u00e9es<br \/>\nsont les suivantes :<\/p>\n<p>06 87 41 10 03<\/p>\n<p>sylvie.noel.coach@gmail.com<\/p>\n<p>11 Rue Saint Martin &#8211; Caumont l&amp;#39;Event\u00e9 &#8211; 14240 CAUMONT SUR AURE<\/p>\n","protected":false},"excerpt":{"rendered":"<p>CONDITIONS G\u00c9N\u00c9RALES Les pr\u00e9sentes conditions g\u00e9n\u00e9rales r\u00e9gissent l\u2019utilisation de ce site www.sylvienoelcoaching.com. Ce site appartient et est g\u00e9r\u00e9 par Sylvie NO\u00cbL En utilisant ce site, vous indiquez que vous avez lu et compris les conditions d\u2019utilisation et que vous acceptez de les respecter en tout temps. Type de site : Service de coaching Propri\u00e9t\u00e9 intellectuelle [&hellip;]<\/p>\n","protected":false},"author":1,"featured_media":0,"parent":0,"menu_order":0,"comment_status":"closed","ping_status":"closed","template":"","meta":{"om_disable_all_campaigns":false,"_monsterinsights_skip_tracking":false,"_monsterinsights_sitenote_active":false,"_monsterinsights_sitenote_note":"","_monsterinsights_sitenote_category":0,"site-sidebar-layout":"default","site-content-layout":"","ast-site-content-layout":"default","site-content-style":"default","site-sidebar-style":"default","ast-global-header-display":"","ast-banner-title-visibility":"","ast-main-header-display":"","ast-hfb-above-header-display":"","ast-hfb-below-header-display":"","ast-hfb-mobile-header-display":"","site-post-title":"","ast-breadcrumbs-content":"","ast-featured-img":"","footer-sml-layout":"","ast-disable-related-posts":"","theme-transparent-header-meta":"","adv-header-id-meta":"","stick-header-meta":"","header-above-stick-meta":"","header-main-stick-meta":"","header-below-stick-meta":"","astra-migrate-meta-layouts":"default","ast-page-background-enabled":"default","ast-page-background-meta":{"desktop":{"background-color":"","background-image":"","background-repeat":"repeat","background-position":"center center","background-size":"auto","background-attachment":"scroll","background-type":"","background-media":"","overlay-type":"","overlay-color":"","overlay-opacity":"","overlay-gradient":""},"tablet":{"background-color":"","background-image":"","background-repeat":"repeat","background-position":"center center","background-size":"auto","background-attachment":"scroll","background-type":"","background-media":"","overlay-type":"","overlay-color":"","overlay-opacity":"","overlay-gradient":""},"mobile":{"background-color":"","background-image":"","background-repeat":"repeat","background-position":"center center","background-size":"auto","background-attachment":"scroll","background-type":"","background-media":"","overlay-type":"","overlay-color":"","overlay-opacity":"","overlay-gradient":""}},"ast-content-background-meta":{"desktop":{"background-color":"var(--ast-global-color-5)","background-image":"","background-repeat":"repeat","background-position":"center center","background-size":"auto","background-attachment":"scroll","background-type":"","background-media":"","overlay-type":"","overlay-color":"","overlay-opacity":"","overlay-gradient":""},"tablet":{"background-color":"var(--ast-global-color-5)","background-image":"","background-repeat":"repeat","background-position":"center center","background-size":"auto","background-attachment":"scroll","background-type":"","background-media":"","overlay-type":"","overlay-color":"","overlay-opacity":"","overlay-gradient":""},"mobile":{"background-color":"var(--ast-global-color-5)","background-image":"","background-repeat":"repeat","background-position":"center center","background-size":"auto","background-attachment":"scroll","background-type":"","background-media":"","overlay-type":"","overlay-color":"","overlay-opacity":"","overlay-gradient":""}},"_price":"","_stock":"","_tribe_ticket_header":"","_tribe_default_ticket_provider":"","_tribe_ticket_capacity":"0","_ticket_start_date":"","_ticket_end_date":"","_tribe_ticket_show_description":"","_tribe_ticket_show_not_going":false,"_tribe_ticket_use_global_stock":"","_tribe_ticket_global_stock_level":"","_global_stock_mode":"","_global_stock_cap":"","_tribe_rsvp_for_event":"","_tribe_ticket_going_count":"","_tribe_ticket_not_going_count":"","_tribe_tickets_list":"[]","_tribe_ticket_has_attendee_info_fields":false,"footnotes":""},"class_list":["post-1528","page","type-page","status-publish","hentry"],"aioseo_notices":[],"ticketed":false,"_links":{"self":[{"href":"https:\/\/sylvienoelcoaching.com\/index.php\/wp-json\/wp\/v2\/pages\/1528","targetHints":{"allow":["GET"]}}],"collection":[{"href":"https:\/\/sylvienoelcoaching.com\/index.php\/wp-json\/wp\/v2\/pages"}],"about":[{"href":"https:\/\/sylvienoelcoaching.com\/index.php\/wp-json\/wp\/v2\/types\/page"}],"author":[{"embeddable":true,"href":"https:\/\/sylvienoelcoaching.com\/index.php\/wp-json\/wp\/v2\/users\/1"}],"replies":[{"embeddable":true,"href":"https:\/\/sylvienoelcoaching.com\/index.php\/wp-json\/wp\/v2\/comments?post=1528"}],"version-history":[{"count":2,"href":"https:\/\/sylvienoelcoaching.com\/index.php\/wp-json\/wp\/v2\/pages\/1528\/revisions"}],"predecessor-version":[{"id":1599,"href":"https:\/\/sylvienoelcoaching.com\/index.php\/wp-json\/wp\/v2\/pages\/1528\/revisions\/1599"}],"wp:attachment":[{"href":"https:\/\/sylvienoelcoaching.com\/index.php\/wp-json\/wp\/v2\/media?parent=1528"}],"curies":[{"name":"wp","href":"https:\/\/api.w.org\/{rel}","templated":true}]}}